{"id":192,"date":"2017-07-16T00:21:33","date_gmt":"2017-07-16T04:21:33","guid":{"rendered":"http:\/\/www.mvpthemes.com\/zoxnews\/?page_id=192"},"modified":"2022-03-22T16:24:52","modified_gmt":"2022-03-22T16:24:52","slug":"sample-page-2","status":"publish","type":"page","link":"https:\/\/www.coneccionlatina.com\/?page_id=192","title":{"rendered":"NOSOTROS"},"content":{"rendered":"<p><strong>CONECCION LATINA<\/strong>, es un programa que busca unificar nuestras aut\u00e9nticas ra\u00edces latinas, viajando por toda Latino Am\u00e9rica a trav\u00e9s de documentales de una hora de duraci\u00f3n, donde podremos observar nuestros pa\u00edses en su realidad actual, teniendo nuestra oficina matriz en la cuidad de Washington DC, capital de los Estados Unidos.<\/p>\n<p>Hemos realizado documentales en los siguientes Pa\u00edses: Per\u00fa (Macchu Picchu, y otras ciudades), Bolivia (El Carnaval de Oruro, y otras localidades), el Salvador (El Carnaval de San Miguel y otras ciudades), Honduras (El Carnaval de La Ceiba), y M\u00e9xico (\u201cFestividad del 05 de mayo\u201d en la Ciudad de Puebla \u2013 Oaxaca Guelaguetza \u2013 Guatemala &#8211; Roat\u00e1n \u00a0Honduras y otras ciudades.<\/p>\n<p>Posteriormente continuaremos con otras ciudades de Centro Am\u00e9rica y Sudam\u00e9rica, las cuales mostraremos al mundo su realidad y cultura.<\/p>\n<p><strong>\u00a0<\/strong><\/p>\n<p><strong>CONECCION LATINA<\/strong> tiene como prop\u00f3sito primordial de la producci\u00f3n rescatar toda la riqueza y belleza de su Pa\u00eds y llevarlo a la pantalla chica para entretener, educar y promocionar su cultura, industria y turismo.<\/p>\n<p>El tema central del programa son los reportajes que realizamos a diferentes Regiones, Departamentos o Ciudades de distintos pa\u00edses que visitamos.<\/p>\n<p>En esta oportunidad y conocedores de la proximidad de las fiestas que se celebran en su ciudad, les ofrecemos la posibilidad de poder difundir vuestra hermosa celebraci\u00f3n en los Estados Unidos, y de esta manera atraer al p\u00fablico hispano americano a participar a trav\u00e9s del turismo en esta maravillosa fiesta.<\/p>\n<p><strong>CONECCION LATINA<\/strong> se difunde <u>a trav\u00e9s de <strong>TELEMUNDO<\/strong><\/u><strong>, <\/strong>una de las cadenas de televisi\u00f3n m\u00e1s importante de los Estados Unidos, en horario estelar todos los s\u00e1bados \u00a0\u00a0DE 6:00 P.M.\u00a0 <u>en la zona triestatal de Washington D.C.\u00a0 Y Richmond VA.<\/u><\/p>\n<p><u>\u00a0<\/u><\/p>\n<p><strong>CONECCION LATINA<\/strong> pone a disposici\u00f3n sus documentales a pol\u00edticos y empresas privadas, para que usted pueda mostrar los avances de su cuidad y a la vez promocionar sus productos y servicios de primera calidad al mercado de los Estados Unidos.<\/p>\n","protected":false},"excerpt":{"rendered":"<p>CONECCION LATINA, es un programa que busca unificar nuestras aut\u00e9nticas ra\u00edces latinas, viajando por toda&#8230;<\/p>\n","protected":false},"author":1,"featured_media":0,"parent":0,"menu_order":0,"comment_status":"closed","ping_status":"closed","template":"page-fullwidth.php","meta":{"footnotes":""},"class_list":["post-192","page","type-page","status-publish","hentry"],"yoast_head":"<!-- This site is optimized with the Yoast SEO plugin v26.0 - https:\/\/yoast.com\/wordpress\/plugins\/seo\/ -->\n<title>NOSOTROS -<\/title>\n<meta name=\"robots\" content=\"noindex, follow, max-snippet:-1, max-image-preview:large, max-video-preview:-1\" \/>\n<meta property=\"og:locale\" content=\"es_ES\" \/>\n<meta property=\"og:type\" content=\"article\" \/>\n<meta property=\"og:title\" content=\"NOSOTROS -\" \/>\n<meta property=\"og:description\" content=\"CONECCION LATINA, es un programa que busca unificar nuestras aut\u00e9nticas ra\u00edces latinas, viajando por toda...\" \/>\n<meta property=\"og:url\" content=\"https:\/\/www.coneccionlatina.com\/?page_id=192\" \/>\n<meta property=\"article:modified_time\" content=\"2022-03-22T16:24:52+00:00\" \/>\n<meta name=\"twitter:card\" content=\"summary_large_image\" \/>\n<meta name=\"twitter:label1\" content=\"Tiempo de lectura\" \/>\n\t<meta name=\"twitter:data1\" content=\"2 minutos\" \/>\n<script type=\"application\/ld+json\" class=\"yoast-schema-graph\">{\"@context\":\"https:\/\/schema.org\",\"@graph\":[{\"@type\":\"WebPage\",\"@id\":\"https:\/\/www.coneccionlatina.com\/?page_id=192\",\"url\":\"https:\/\/www.coneccionlatina.com\/?page_id=192\",\"name\":\"NOSOTROS -\",\"isPartOf\":{\"@id\":\"https:\/\/www.coneccionlatina.com\/#website\"},\"datePublished\":\"2017-07-16T04:21:33+00:00\",\"dateModified\":\"2022-03-22T16:24:52+00:00\",\"breadcrumb\":{\"@id\":\"https:\/\/www.coneccionlatina.com\/?page_id=192#breadcrumb\"},\"inLanguage\":\"es\",\"potentialAction\":[{\"@type\":\"ReadAction\",\"target\":[\"https:\/\/www.coneccionlatina.com\/?page_id=192\"]}]},{\"@type\":\"BreadcrumbList\",\"@id\":\"https:\/\/www.coneccionlatina.com\/?page_id=192#breadcrumb\",\"itemListElement\":[{\"@type\":\"ListItem\",\"position\":1,\"name\":\"Portada\",\"item\":\"https:\/\/www.coneccionlatina.com\/\"},{\"@type\":\"ListItem\",\"position\":2,\"name\":\"NOSOTROS\"}]},{\"@type\":\"WebSite\",\"@id\":\"https:\/\/www.coneccionlatina.com\/#website\",\"url\":\"https:\/\/www.coneccionlatina.com\/\",\"name\":\"\",\"description\":\"\",\"potentialAction\":[{\"@type\":\"SearchAction\",\"target\":{\"@type\":\"EntryPoint\",\"urlTemplate\":\"https:\/\/www.coneccionlatina.com\/?s={search_term_string}\"},\"query-input\":{\"@type\":\"PropertyValueSpecification\",\"valueRequired\":true,\"valueName\":\"search_term_string\"}}],\"inLanguage\":\"es\"}]}<\/script>\n<!-- \/ Yoast SEO plugin. -->","yoast_head_json":{"title":"NOSOTROS -","robots":{"index":"noindex","follow":"follow","max-snippet":"max-snippet:-1","max-image-preview":"max-image-preview:large","max-video-preview":"max-video-preview:-1"},"og_locale":"es_ES","og_type":"article","og_title":"NOSOTROS -","og_description":"CONECCION LATINA, es un programa que busca unificar nuestras aut\u00e9nticas ra\u00edces latinas, viajando por toda...","og_url":"https:\/\/www.coneccionlatina.com\/?page_id=192","article_modified_time":"2022-03-22T16:24:52+00:00","twitter_card":"summary_large_image","twitter_misc":{"Tiempo de lectura":"2 minutos"},"schema":{"@context":"https:\/\/schema.org","@graph":[{"@type":"WebPage","@id":"https:\/\/www.coneccionlatina.com\/?page_id=192","url":"https:\/\/www.coneccionlatina.com\/?page_id=192","name":"NOSOTROS -","isPartOf":{"@id":"https:\/\/www.coneccionlatina.com\/#website"},"datePublished":"2017-07-16T04:21:33+00:00","dateModified":"2022-03-22T16:24:52+00:00","breadcrumb":{"@id":"https:\/\/www.coneccionlatina.com\/?page_id=192#breadcrumb"},"inLanguage":"es","potentialAction":[{"@type":"ReadAction","target":["https:\/\/www.coneccionlatina.com\/?page_id=192"]}]},{"@type":"BreadcrumbList","@id":"https:\/\/www.coneccionlatina.com\/?page_id=192#breadcrumb","itemListElement":[{"@type":"ListItem","position":1,"name":"Portada","item":"https:\/\/www.coneccionlatina.com\/"},{"@type":"ListItem","position":2,"name":"NOSOTROS"}]},{"@type":"WebSite","@id":"https:\/\/www.coneccionlatina.com\/#website","url":"https:\/\/www.coneccionlatina.com\/","name":"","description":"","potentialAction":[{"@type":"SearchAction","target":{"@type":"EntryPoint","urlTemplate":"https:\/\/www.coneccionlatina.com\/?s={search_term_string}"},"query-input":{"@type":"PropertyValueSpecification","valueRequired":true,"valueName":"search_term_string"}}],"inLanguage":"es"}]}},"_links":{"self":[{"href":"https:\/\/www.coneccionlatina.com\/index.php?rest_route=\/wp\/v2\/pages\/192","targetHints":{"allow":["GET"]}}],"collection":[{"href":"https:\/\/www.coneccionlatina.com\/index.php?rest_route=\/wp\/v2\/pages"}],"about":[{"href":"https:\/\/www.coneccionlatina.com\/index.php?rest_route=\/wp\/v2\/types\/page"}],"author":[{"embeddable":true,"href":"https:\/\/www.coneccionlatina.com\/index.php?rest_route=\/wp\/v2\/users\/1"}],"replies":[{"embeddable":true,"href":"https:\/\/www.coneccionlatina.com\/index.php?rest_route=%2Fwp%2Fv2%2Fcomments&post=192"}],"version-history":[{"count":3,"href":"https:\/\/www.coneccionlatina.com\/index.php?rest_route=\/wp\/v2\/pages\/192\/revisions"}],"predecessor-version":[{"id":2084,"href":"https:\/\/www.coneccionlatina.com\/index.php?rest_route=\/wp\/v2\/pages\/192\/revisions\/2084"}],"wp:attachment":[{"href":"https:\/\/www.coneccionlatina.com\/index.php?rest_route=%2Fwp%2Fv2%2Fmedia&parent=192"}],"curies":[{"name":"wp","href":"https:\/\/api.w.org\/{rel}","templated":true}]}}